{"id":734,"date":"2021-11-17T13:28:53","date_gmt":"2021-11-17T12:28:53","guid":{"rendered":"https:\/\/calandreta.establiment.fr\/brageirac\/?page_id=734"},"modified":"2025-12-15T07:29:45","modified_gmt":"2025-12-15T06:29:45","slug":"ajudar-lescola","status":"publish","type":"page","link":"https:\/\/brageirac.establiment.fr\/?page_id=734","title":{"rendered":"Ajudar l&rsquo;esc\u00f2la"},"content":{"rendered":"\t\t<div data-elementor-type=\"wp-page\" data-elementor-id=\"734\" class=\"elementor elementor-734\">\n\t\t\t\t\t\t<section class=\"elementor-section elementor-top-section elementor-element elementor-element-1719515 elementor-section-boxed elementor-section-height-default elementor-section-height-default\" data-id=\"1719515\" data-element_type=\"section\">\n\t\t\t\t\t\t<div class=\"elementor-container elementor-column-gap-default\">\n\t\t\t\t\t<div class=\"elementor-column elementor-col-100 elementor-top-column elementor-element elementor-element-f76b8d3\" data-id=\"f76b8d3\" data-element_type=\"column\">\n\t\t\t<div class=\"elementor-widget-wrap elementor-element-populated\">\n\t\t\t\t\t\t<div class=\"elementor-element elementor-element-3353979 elementor-widget elementor-widget-heading\" data-id=\"3353979\" data-element_type=\"widget\" data-widget_type=\"heading.default\">\n\t\t\t\t<div class=\"elementor-widget-container\">\n\t\t\t<h1 class=\"elementor-heading-title elementor-size-large\">ENGAGEZ-VOUS AUPRES DE LA CALANDRETA BEL SOLELH !<\/h1>\t\t<\/div>\n\t\t\t\t<\/div>\n\t\t\t\t\t<\/div>\n\t\t<\/div>\n\t\t\t\t\t<\/div>\n\t\t<\/section>\n\t\t\t\t<section class=\"elementor-section elementor-top-section elementor-element elementor-element-4d27145 elementor-section-boxed elementor-section-height-default elementor-section-height-default\" data-id=\"4d27145\" data-element_type=\"section\">\n\t\t\t\t\t\t<div class=\"elementor-container elementor-column-gap-default\">\n\t\t\t\t\t<div class=\"elementor-column elementor-col-100 elementor-top-column elementor-element elementor-element-559f390\" data-id=\"559f390\" data-element_type=\"column\">\n\t\t\t<div class=\"elementor-widget-wrap elementor-element-populated\">\n\t\t\t\t\t\t<div class=\"elementor-element elementor-element-7860e93 elementor-widget elementor-widget-image\" data-id=\"7860e93\" data-element_type=\"widget\" data-widget_type=\"image.default\">\n\t\t\t\t<div class=\"elementor-widget-container\">\n\t\t\t\t\t\t\t\t\t\t\t\t\t<img fetchpriority=\"high\" decoding=\"async\" width=\"768\" height=\"577\" src=\"https:\/\/brageirac.establiment.fr\/wp-content\/uploads\/2023\/04\/Capture-decran-2023-04-30-a-21.02.36.png\" class=\"attachment-medium_large size-medium_large wp-image-1396\" alt=\"\" \/>\t\t\t\t\t\t\t\t\t\t\t\t\t<\/div>\n\t\t\t\t<\/div>\n\t\t\t\t<div class=\"elementor-element elementor-element-d39e590 elementor-widget elementor-widget-text-editor\" data-id=\"d39e590\" data-element_type=\"widget\" data-widget_type=\"text-editor.default\">\n\t\t\t\t<div class=\"elementor-widget-container\">\n\t\t\t\t\t\t\t<h4>Adishatz, e merc\u00e9s d&rsquo;\u00e8sser sus aquesta pagina !<\/h4><p><em>Merci d&rsquo;avoir cliqu\u00e9 sur cette page.<\/em><\/p><p>Notre \u00e9cole fonctionne par le bais d&rsquo;une<strong> association gestionnaire<\/strong>. Comme toute association, nous avons souvent besoin d&rsquo;aide sous plusieurs formes :<\/p><ul><li>Devenez <strong>b\u00e9n\u00e9voles<\/strong> pour nous aider sur nos \u00e9v\u00e8nements ou venir en renfort de certaines commissions en fonction de vos comp\u00e9tences.<\/li><li><strong>Proposez votre savoir-faire<\/strong> sur les temps scolaires ou p\u00e9riscolaires.<\/li><li>En faisant un <strong>don<\/strong> :<ul><li>Par carte via notre lien HelloAsso :\u00a0<a href=\"https:\/\/www.helloasso.com\/associations\/calandreta-bel-solelh-de-brageirac\">https:\/\/www.helloasso.com\/associations\/calandreta-bel-solelh-de-brageirac<\/a><\/li><li>Par ch\u00e8que \u00e0 l\u2019adresse postale \u00ab\u00a0Association Calandreta Bel Solelh de Brageirac, 45 rue Leconte de Lisle, 24100 Bergerac\u00a0\u00bb<\/li><\/ul><\/li><\/ul>\t\t\t\t\t\t<\/div>\n\t\t\t\t<\/div>\n\t\t\t\t\t<\/div>\n\t\t<\/div>\n\t\t\t\t\t<\/div>\n\t\t<\/section>\n\t\t\t\t<section class=\"elementor-section elementor-top-section elementor-element elementor-element-a5ee5e6 elementor-section-boxed elementor-section-height-default elementor-section-height-default\" data-id=\"a5ee5e6\" data-element_type=\"section\">\n\t\t\t\t\t\t<div class=\"elementor-container elementor-column-gap-default\">\n\t\t\t\t\t<div class=\"elementor-column elementor-col-100 elementor-top-column elementor-element elementor-element-0fee1e8\" data-id=\"0fee1e8\" data-element_type=\"column\">\n\t\t\t<div class=\"elementor-widget-wrap\">\n\t\t\t\t\t\t\t<\/div>\n\t\t<\/div>\n\t\t\t\t\t<\/div>\n\t\t<\/section>\n\t\t\t\t<section class=\"elementor-section elementor-top-section elementor-element elementor-element-0203817 elementor-section-boxed elementor-section-height-default elementor-section-height-default\" data-id=\"0203817\" data-element_type=\"section\">\n\t\t\t\t\t\t<div class=\"elementor-container elementor-column-gap-default\">\n\t\t\t\t\t<div class=\"elementor-column elementor-col-66 elementor-top-column elementor-element elementor-element-c144774\" data-id=\"c144774\" data-element_type=\"column\">\n\t\t\t<div class=\"elementor-widget-wrap elementor-element-populated\">\n\t\t\t\t\t\t<div class=\"elementor-element elementor-element-618e6a9 elementor-widget elementor-widget-text-editor\" data-id=\"618e6a9\" data-element_type=\"widget\" data-widget_type=\"text-editor.default\">\n\t\t\t\t<div class=\"elementor-widget-container\">\n\t\t\t\t\t\t\t<h3><b><span style=\"font-size: 24pt;\">SORTIES ET PROJETS PEDAGOGIQUES<\/span> <\/b><\/h3><p>Tout au long de l&rsquo;ann\u00e9e scolaire, les calandrons participent \u00e0 des projets p\u00e9dagogiques.<\/p><p>Nous faisons appel \u00e0 des intervenants ext\u00e9rieurs sur diff\u00e9rentes th\u00e9matiques : sports, contes, danses du monde&#8230;<\/p><p>Et chaque ann\u00e9e, nous essayons d&rsquo;organiser un voyage scolaire de plusieurs jours.<\/p><p>En 2022, la classe des grands \u00e9tait all\u00e9e 3 jours \u00e0 Carcassonne. Quelle destination pour cette ann\u00e9e\u00a0 ?\u00a0<\/p><h5 style=\"text-align: left;\"><span style=\"color: #000000; font-size: 14pt;\"> <span style=\"font-weight: normal;\">VOTRE DON CONCRETEMENT :<\/span><\/span><\/h5><ul><li style=\"list-style-type: none;\"><ul><li><b>Avec 100 \u20ac, vous financez un intervenant ext\u00e9rieur ponctuel<\/b><\/li><\/ul><\/li><\/ul><ul><li style=\"list-style-type: none;\"><ul><li><b>Avec 500 \u20ac, vous financez une sortie scolaire (bus et animations)<\/b><\/li><\/ul><\/li><\/ul><ul><li style=\"list-style-type: none;\"><ul><li><b>Avec\u00a0 1000\u20ac, vous financez un projet p\u00e9dagogique sur l&rsquo;ann\u00e9e (plusieurs interventions et r\u00e9alisation d&rsquo;une oeuvre)<\/b><\/li><\/ul><\/li><\/ul><ul><li style=\"list-style-type: none;\"><ul><li><b>Avec 3000\u20ac, vous financez un voyage scolaire de fin d&rsquo;ann\u00e9e<\/b><\/li><\/ul><\/li><\/ul>\t\t\t\t\t\t<\/div>\n\t\t\t\t<\/div>\n\t\t\t\t\t<\/div>\n\t\t<\/div>\n\t\t\t\t<div class=\"elementor-column elementor-col-33 elementor-top-column elementor-element elementor-element-313c70e\" data-id=\"313c70e\" data-element_type=\"column\">\n\t\t\t<div class=\"elementor-widget-wrap elementor-element-populated\">\n\t\t\t\t\t\t<div class=\"elementor-element elementor-element-dda304a elementor-widget elementor-widget-image\" data-id=\"dda304a\" data-element_type=\"widget\" data-widget_type=\"image.default\">\n\t\t\t\t<div class=\"elementor-widget-container\">\n\t\t\t\t\t\t\t\t\t\t\t\t\t<img decoding=\"async\" width=\"709\" height=\"947\" src=\"https:\/\/brageirac.establiment.fr\/wp-content\/uploads\/2023\/04\/image-moulin-de-la-rouzigue.jpg\" class=\"attachment-large size-large wp-image-1246\" alt=\"\" \/>\t\t\t\t\t\t\t\t\t\t\t\t\t<\/div>\n\t\t\t\t<\/div>\n\t\t\t\t\t<\/div>\n\t\t<\/div>\n\t\t\t\t\t<\/div>\n\t\t<\/section>\n\t\t\t\t<section class=\"elementor-section elementor-top-section elementor-element elementor-element-896574a elementor-section-boxed elementor-section-height-default elementor-section-height-default\" data-id=\"896574a\" data-element_type=\"section\">\n\t\t\t\t\t\t<div class=\"elementor-container elementor-column-gap-default\">\n\t\t\t\t\t<div class=\"elementor-column elementor-col-100 elementor-top-column elementor-element elementor-element-1f36766\" data-id=\"1f36766\" data-element_type=\"column\">\n\t\t\t<div class=\"elementor-widget-wrap elementor-element-populated\">\n\t\t\t\t\t\t<div class=\"elementor-element elementor-element-6c58aa1 elementor-align-left elementor-widget elementor-widget-button\" data-id=\"6c58aa1\" data-element_type=\"widget\" data-widget_type=\"button.default\">\n\t\t\t\t<div class=\"elementor-widget-container\">\n\t\t\t\t\t<div class=\"elementor-button-wrapper\">\n\t\t\t<a class=\"elementor-button elementor-button-link elementor-size-sm\" href=\"https:\/\/www.helloasso.com\/associations\/calandreta-bel-solelh\/formulaires\/1\">\n\t\t\t\t\t\t<span class=\"elementor-button-content-wrapper\">\n\t\t\t\t\t\t\t\t\t<span class=\"elementor-button-text\">JE FINANCE LES PROJETS PEDAGOGIQUES<\/span>\n\t\t\t\t\t<\/span>\n\t\t\t\t\t<\/a>\n\t\t<\/div>\n\t\t\t\t<\/div>\n\t\t\t\t<\/div>\n\t\t\t\t\t<\/div>\n\t\t<\/div>\n\t\t\t\t\t<\/div>\n\t\t<\/section>\n\t\t\t\t<section class=\"elementor-section elementor-top-section elementor-element elementor-element-9cfd655 elementor-section-boxed elementor-section-height-default elementor-section-height-default\" data-id=\"9cfd655\" data-element_type=\"section\">\n\t\t\t\t\t\t<div class=\"elementor-container elementor-column-gap-default\">\n\t\t\t\t\t<div class=\"elementor-column elementor-col-100 elementor-top-column elementor-element elementor-element-39ae977\" data-id=\"39ae977\" data-element_type=\"column\">\n\t\t\t<div class=\"elementor-widget-wrap elementor-element-populated\">\n\t\t\t\t\t\t\t<\/div>\n\t\t<\/div>\n\t\t\t\t\t<\/div>\n\t\t<\/section>\n\t\t\t\t<section class=\"elementor-section elementor-top-section elementor-element elementor-element-c5b043b elementor-section-boxed elementor-section-height-default elementor-section-height-default\" data-id=\"c5b043b\" data-element_type=\"section\">\n\t\t\t\t\t\t<div class=\"elementor-container elementor-column-gap-default\">\n\t\t\t\t\t<div class=\"elementor-column elementor-col-33 elementor-top-column elementor-element elementor-element-ec9811e\" data-id=\"ec9811e\" data-element_type=\"column\">\n\t\t\t<div class=\"elementor-widget-wrap elementor-element-populated\">\n\t\t\t\t\t\t<div class=\"elementor-element elementor-element-10939ca elementor-widget elementor-widget-image\" data-id=\"10939ca\" data-element_type=\"widget\" data-widget_type=\"image.default\">\n\t\t\t\t<div class=\"elementor-widget-container\">\n\t\t\t\t\t\t\t\t\t\t\t\t\t<img decoding=\"async\" src=\"https:\/\/calandreta.establiment.fr\/brageirac\/wp-content\/uploads\/2023\/01\/IMG_243.jpg\" title=\"\" alt=\"\" loading=\"lazy\" \/>\t\t\t\t\t\t\t\t\t\t\t\t\t<\/div>\n\t\t\t\t<\/div>\n\t\t\t\t\t<\/div>\n\t\t<\/div>\n\t\t\t\t<div class=\"elementor-column elementor-col-66 elementor-top-column elementor-element elementor-element-a9fed35\" data-id=\"a9fed35\" data-element_type=\"column\">\n\t\t\t<div class=\"elementor-widget-wrap elementor-element-populated\">\n\t\t\t\t\t\t<div class=\"elementor-element elementor-element-8cbf235 elementor-widget elementor-widget-text-editor\" data-id=\"8cbf235\" data-element_type=\"widget\" data-widget_type=\"text-editor.default\">\n\t\t\t\t<div class=\"elementor-widget-container\">\n\t\t\t\t\t\t\t<h3><span style=\"font-size: 24pt;\"><b>LE FONCTIONNEMENT QUOTIDIEN DE L&rsquo;ECOLE<\/b><\/span><\/h3><p>Des envies d\u2019aider dans le fonctionnement au quotidien\u00a0:<\/p><ul><li style=\"list-style-type: none;\"><ul><li><b>Avec 500\u20ac, vous financez le mat\u00e9riel scolaire pour une classe.<\/b><\/li><\/ul><\/li><\/ul><ul><li style=\"list-style-type: none;\"><ul><li><b>Avec 1000\u20ac, vous financez les fournitures scolaires pour une ann\u00e9e.<\/b><\/li><\/ul><div>\u00a0<\/div><\/li><li style=\"list-style-type: none;\"><ul><li><b>Avec 1500\u20ac,vous financez la scolarit\u00e9 d\u2019un enfant pendant un an<\/b><\/li><\/ul><\/li><\/ul><p>\u00a0<\/p>\t\t\t\t\t\t<\/div>\n\t\t\t\t<\/div>\n\t\t\t\t\t<\/div>\n\t\t<\/div>\n\t\t\t\t\t<\/div>\n\t\t<\/section>\n\t\t\t\t<section class=\"elementor-section elementor-top-section elementor-element elementor-element-7f00596 elementor-section-boxed elementor-section-height-default elementor-section-height-default\" data-id=\"7f00596\" data-element_type=\"section\">\n\t\t\t\t\t\t<div class=\"elementor-container elementor-column-gap-default\">\n\t\t\t\t\t<div class=\"elementor-column elementor-col-100 elementor-top-column elementor-element elementor-element-81e4331\" data-id=\"81e4331\" data-element_type=\"column\">\n\t\t\t<div class=\"elementor-widget-wrap elementor-element-populated\">\n\t\t\t\t\t\t<div class=\"elementor-element elementor-element-9bd99bf elementor-align-center elementor-widget elementor-widget-button\" data-id=\"9bd99bf\" data-element_type=\"widget\" data-widget_type=\"button.default\">\n\t\t\t\t<div class=\"elementor-widget-container\">\n\t\t\t\t\t<div class=\"elementor-button-wrapper\">\n\t\t\t<a class=\"elementor-button elementor-button-link elementor-size-sm\" href=\"https:\/\/www.helloasso.com\/associations\/calandreta-bel-solelh\/formulaires\/1\">\n\t\t\t\t\t\t<span class=\"elementor-button-content-wrapper\">\n\t\t\t\t\t\t\t\t\t<span class=\"elementor-button-text\">JE FINANCE LE FONCTIONNEMENT QUOTIDIEN<\/span>\n\t\t\t\t\t<\/span>\n\t\t\t\t\t<\/a>\n\t\t<\/div>\n\t\t\t\t<\/div>\n\t\t\t\t<\/div>\n\t\t\t\t\t<\/div>\n\t\t<\/div>\n\t\t\t\t\t<\/div>\n\t\t<\/section>\n\t\t\t\t<section class=\"elementor-section elementor-top-section elementor-element elementor-element-e632e69 elementor-section-boxed elementor-section-height-default elementor-section-height-default\" data-id=\"e632e69\" data-element_type=\"section\">\n\t\t\t\t\t\t<div class=\"elementor-container elementor-column-gap-default\">\n\t\t\t\t\t<div class=\"elementor-column elementor-col-66 elementor-top-column elementor-element elementor-element-d7b015f\" data-id=\"d7b015f\" data-element_type=\"column\">\n\t\t\t<div class=\"elementor-widget-wrap elementor-element-populated\">\n\t\t\t\t\t\t<div class=\"elementor-element elementor-element-7aa79bd elementor-widget elementor-widget-text-editor\" data-id=\"7aa79bd\" data-element_type=\"widget\" data-widget_type=\"text-editor.default\">\n\t\t\t\t<div class=\"elementor-widget-container\">\n\t\t\t\t\t\t\t<div>\u00a0<\/div><div>\u00a0<\/div><h3><span style=\"font-size: 24pt;\"><strong>LA PROMOTION ET LA DIFFUSION DE LA LANGUE ET DE LA CULTURE OCCITANE<\/strong><\/span><\/h3><p>La Calandreta participe aux temps forts de la culture occitane\u00a0dans le d\u00e9partement\u00a0: festival PARATGE, FELIBREE .<\/p><p>Nous organisons \u00e9galement des \u00e9v\u00e8nements ouverts \u00e0 tous\u00a0:\u00a0 concerts, soir\u00e9es cont\u00e9es\u2026.<\/p><p>Nous finan\u00e7ons la formation continue \u00e0 la langue occitane des ASEM, l\u2019achat de livres et de supports p\u00e9dagogiques en occitan.<\/p><p>VOTRE DON CONCRETEMENT<strong> :<br \/><\/strong><\/p><ul><li><strong>Avec 100\u20ac, vous financez l\u2019achat de supports scolaires en occitan<\/strong><\/li><\/ul><ul><li><strong>Avec 500\u20ac, vous financez la formation en occitan d\u2019un.e salari\u00e9.e<\/strong><\/li><\/ul><ul><li><strong>Avec 1000\u20ac, vous financez un \u00e9v\u00e8nement culturel (concert,<\/strong> <strong>carnaval, etc&#8230;)<\/strong><\/li><\/ul>\t\t\t\t\t\t<\/div>\n\t\t\t\t<\/div>\n\t\t\t\t<div class=\"elementor-element elementor-element-79e2359 elementor-widget elementor-widget-button\" data-id=\"79e2359\" data-element_type=\"widget\" data-widget_type=\"button.default\">\n\t\t\t\t<div class=\"elementor-widget-container\">\n\t\t\t\t\t<div class=\"elementor-button-wrapper\">\n\t\t\t<a class=\"elementor-button elementor-button-link elementor-size-sm\" href=\"https:\/\/www.helloasso.com\/associations\/calandreta-bel-solelh\/formulaires\/1\">\n\t\t\t\t\t\t<span class=\"elementor-button-content-wrapper\">\n\t\t\t\t\t\t\t\t\t<span class=\"elementor-button-text\">JE FINANCE DES ACTIONS CULTURELLES<\/span>\n\t\t\t\t\t<\/span>\n\t\t\t\t\t<\/a>\n\t\t<\/div>\n\t\t\t\t<\/div>\n\t\t\t\t<\/div>\n\t\t\t\t\t<\/div>\n\t\t<\/div>\n\t\t\t\t<div class=\"elementor-column elementor-col-33 elementor-top-column elementor-element elementor-element-4aa6455\" data-id=\"4aa6455\" data-element_type=\"column\">\n\t\t\t<div class=\"elementor-widget-wrap elementor-element-populated\">\n\t\t\t\t\t\t<div class=\"elementor-element elementor-element-724b53d elementor-widget elementor-widget-image\" data-id=\"724b53d\" data-element_type=\"widget\" data-widget_type=\"image.default\">\n\t\t\t\t<div class=\"elementor-widget-container\">\n\t\t\t\t\t\t\t\t\t\t\t\t\t<img decoding=\"async\" width=\"1024\" height=\"768\" src=\"https:\/\/brageirac.establiment.fr\/wp-content\/uploads\/2023\/04\/FELIBREE-EYMET-IMG_0302.jpg\" class=\"attachment-large size-large wp-image-1313\" alt=\"\" \/>\t\t\t\t\t\t\t\t\t\t\t\t\t<\/div>\n\t\t\t\t<\/div>\n\t\t\t\t\t<\/div>\n\t\t<\/div>\n\t\t\t\t\t<\/div>\n\t\t<\/section>\n\t\t\t\t<section class=\"elementor-section elementor-top-section elementor-element elementor-element-764e1a1 elementor-section-boxed elementor-section-height-default elementor-section-height-default\" data-id=\"764e1a1\" data-element_type=\"section\">\n\t\t\t\t\t\t<div class=\"elementor-container elementor-column-gap-default\">\n\t\t\t\t\t<div class=\"elementor-column elementor-col-50 elementor-top-column elementor-element elementor-element-8f917c8\" data-id=\"8f917c8\" data-element_type=\"column\">\n\t\t\t<div class=\"elementor-widget-wrap elementor-element-populated\">\n\t\t\t\t\t\t<div class=\"elementor-element elementor-element-a92e4ea elementor-widget elementor-widget-text-editor\" data-id=\"a92e4ea\" data-element_type=\"widget\" data-widget_type=\"text-editor.default\">\n\t\t\t\t<div class=\"elementor-widget-container\">\n\t\t\t\t\t\t\t<p><span style=\"color: #000000;\">VOTRE DON SERA DEDUCTIBLE \u00e0 66 % DES IMPOTS :<\/span><\/p>\n<p>Par exemple pour un don de 20 \u20ac, votre r\u00e9duction d&rsquo;imp\u00f4t sera de 66% de 20 \u20ac = -13,20 \u20ac<\/p>\n<p>Ce don vous coutera r\u00e9ellement 6,80 \u20ac.<\/p>\n<p><span style=\"font-size: 14pt;\"><strong><span style=\"color: #000000;\">MERCES !!!<\/span><\/strong><\/span><\/p>\n<p><\/p>\t\t\t\t\t\t<\/div>\n\t\t\t\t<\/div>\n\t\t\t\t\t<\/div>\n\t\t<\/div>\n\t\t\t\t<div class=\"elementor-column elementor-col-50 elementor-top-column elementor-element elementor-element-3a9ae59\" data-id=\"3a9ae59\" data-element_type=\"column\">\n\t\t\t<div class=\"elementor-widget-wrap elementor-element-populated\">\n\t\t\t\t\t\t<div class=\"elementor-element elementor-element-f815528 elementor-widget elementor-widget-text-editor\" data-id=\"f815528\" data-element_type=\"widget\" data-widget_type=\"text-editor.default\">\n\t\t\t\t<div class=\"elementor-widget-container\">\n\t\t\t\t\t\t\t<p><span style=\"font-size: 14pt; color: #000000;\"><strong>ADHERER C&rsquo;EST DEJA NOUS SOUTENIR<\/strong><\/span><\/p><p>L&rsquo;adh\u00e9sion \u00e0 l&rsquo;association Calandreta Bel Solelh est de 15 \u20ac, valable d&rsquo;ao\u00fbt \u00e0 juillet.<\/p>\t\t\t\t\t\t<\/div>\n\t\t\t\t<\/div>\n\t\t\t\t<div class=\"elementor-element elementor-element-2a01b48 elementor-align-center elementor-widget elementor-widget-button\" data-id=\"2a01b48\" data-element_type=\"widget\" data-widget_type=\"button.default\">\n\t\t\t\t<div class=\"elementor-widget-container\">\n\t\t\t\t\t<div class=\"elementor-button-wrapper\">\n\t\t\t<a class=\"elementor-button elementor-button-link elementor-size-sm\" href=\"https:\/\/www.helloasso.com\/associations\/calandreta-bel-solelh\/adhesions\/adhesion-calandreta\">\n\t\t\t\t\t\t<span class=\"elementor-button-content-wrapper\">\n\t\t\t\t\t\t\t\t\t<span class=\"elementor-button-text\">J'ADHERE A LA CALANDRETA<\/span>\n\t\t\t\t\t<\/span>\n\t\t\t\t\t<\/a>\n\t\t<\/div>\n\t\t\t\t<\/div>\n\t\t\t\t<\/div>\n\t\t\t\t\t<\/div>\n\t\t<\/div>\n\t\t\t\t\t<\/div>\n\t\t<\/section>\n\t\t\t\t<\/div>\n\t\t","protected":false},"excerpt":{"rendered":"<p>ENGAGEZ-VOUS AUPRES DE LA CALANDRETA BEL SOLELH ! Adishatz, e merc\u00e9s d&rsquo;\u00e8sser sus aquesta pagina ! Merci d&rsquo;avoir cliqu\u00e9 sur cette page. Notre \u00e9cole fonctionne par le bais d&rsquo;une association [&hellip;]<\/p>\n","protected":false},"author":2,"featured_media":0,"parent":0,"menu_order":0,"comment_status":"closed","ping_status":"closed","template":"","meta":{"_EventAllDay":false,"_EventTimezone":"","_EventStartDate":"","_EventEndDate":"","_EventStartDateUTC":"","_EventEndDateUTC":"","_EventShowMap":false,"_EventShowMapLink":false,"_EventURL":"","_EventCost":"","_EventCostDescription":"","_EventCurrencySymbol":"","_EventCurrencyCode":"","_EventCurrencyPosition":"","_EventDateTimeSeparator":"","_EventTimeRangeSeparator":"","_EventOrganizerID":[],"_EventVenueID":[],"_OrganizerEmail":"","_OrganizerPhone":"","_OrganizerWebsite":"","_VenueAddress":"","_VenueCity":"","_VenueCountry":"","_VenueProvince":"","_VenueState":"","_VenueZip":"","_VenuePhone":"","_VenueURL":"","_VenueStateProvince":"","_VenueLat":"","_VenueLng":"","_VenueShowMap":false,"_VenueShowMapLink":false,"footnotes":""},"class_list":["post-734","page","type-page","status-publish","hentry","entry"],"_links":{"self":[{"href":"https:\/\/brageirac.establiment.fr\/index.php?rest_route=\/wp\/v2\/pages\/734","targetHints":{"allow":["GET"]}}],"collection":[{"href":"https:\/\/brageirac.establiment.fr\/index.php?rest_route=\/wp\/v2\/pages"}],"about":[{"href":"https:\/\/brageirac.establiment.fr\/index.php?rest_route=\/wp\/v2\/types\/page"}],"author":[{"embeddable":true,"href":"https:\/\/brageirac.establiment.fr\/index.php?rest_route=\/wp\/v2\/users\/2"}],"replies":[{"embeddable":true,"href":"https:\/\/brageirac.establiment.fr\/index.php?rest_route=%2Fwp%2Fv2%2Fcomments&post=734"}],"version-history":[{"count":178,"href":"https:\/\/brageirac.establiment.fr\/index.php?rest_route=\/wp\/v2\/pages\/734\/revisions"}],"predecessor-version":[{"id":1772,"href":"https:\/\/brageirac.establiment.fr\/index.php?rest_route=\/wp\/v2\/pages\/734\/revisions\/1772"}],"wp:attachment":[{"href":"https:\/\/brageirac.establiment.fr\/index.php?rest_route=%2Fwp%2Fv2%2Fmedia&parent=734"}],"curies":[{"name":"wp","href":"https:\/\/api.w.org\/{rel}","templated":true}]}}