{"id":53,"date":"2021-04-07T13:34:16","date_gmt":"2021-04-07T11:34:16","guid":{"rendered":"https:\/\/calandreta.establiment.fr\/brageirac\/?page_id=53"},"modified":"2022-09-14T18:47:11","modified_gmt":"2022-09-14T16:47:11","slug":"contact","status":"publish","type":"page","link":"https:\/\/brageirac.establiment.fr\/?page_id=53","title":{"rendered":"Contact"},"content":{"rendered":"\t\t<div data-elementor-type=\"wp-page\" data-elementor-id=\"53\" class=\"elementor elementor-53\">\n\t\t\t\t\t\t<section class=\"elementor-section elementor-top-section elementor-element elementor-element-3abf638 elementor-section-boxed elementor-section-height-default elementor-section-height-default\" data-id=\"3abf638\" data-element_type=\"section\">\n\t\t\t\t\t\t<div class=\"elementor-container elementor-column-gap-default\">\n\t\t\t\t\t<div class=\"elementor-column elementor-col-66 elementor-top-column elementor-element elementor-element-c3ac9e2\" data-id=\"c3ac9e2\" data-element_type=\"column\">\n\t\t\t<div class=\"elementor-widget-wrap elementor-element-populated\">\n\t\t\t\t\t\t<div class=\"elementor-element elementor-element-553862f elementor-widget elementor-widget-heading\" data-id=\"553862f\" data-element_type=\"widget\" data-widget_type=\"heading.default\">\n\t\t\t\t<div class=\"elementor-widget-container\">\n\t\t\t<h2 class=\"elementor-heading-title elementor-size-default\">Formulaire de contact<\/h2>\t\t<\/div>\n\t\t\t\t<\/div>\n\t\t\t\t\t<\/div>\n\t\t<\/div>\n\t\t\t\t<div class=\"elementor-column elementor-col-33 elementor-top-column elementor-element elementor-element-eba0a74\" data-id=\"eba0a74\" data-element_type=\"column\">\n\t\t\t<div class=\"elementor-widget-wrap elementor-element-populated\">\n\t\t\t\t\t\t<div class=\"elementor-element elementor-element-3881eae elementor-widget elementor-widget-spacer\" data-id=\"3881eae\" data-element_type=\"widget\" data-widget_type=\"spacer.default\">\n\t\t\t\t<div class=\"elementor-widget-container\">\n\t\t\t\t\t<div class=\"elementor-spacer\">\n\t\t\t<div class=\"elementor-spacer-inner\"><\/div>\n\t\t<\/div>\n\t\t\t\t<\/div>\n\t\t\t\t<\/div>\n\t\t\t\t<div class=\"elementor-element elementor-element-c725558 elementor-widget elementor-widget-heading\" data-id=\"c725558\" data-element_type=\"widget\" data-widget_type=\"heading.default\">\n\t\t\t\t<div class=\"elementor-widget-container\">\n\t\t\t<h2 class=\"elementor-heading-title elementor-size-default\">Informations compl\u00e9mentaires<\/h2>\t\t<\/div>\n\t\t\t\t<\/div>\n\t\t\t\t<div class=\"elementor-element elementor-element-50f07d5 elementor-widget elementor-widget-text-editor\" data-id=\"50f07d5\" data-element_type=\"widget\" data-widget_type=\"text-editor.default\">\n\t\t\t\t<div class=\"elementor-widget-container\">\n\t\t\t\t\t\t\t<p><strong>Adresse :<\/strong><\/p>\n<p>45 rue leconte de lisle<\/p>\n<p>24100 BERGERAC<\/p>\n<p><strong>T\u00e9l\u00e9phone :<\/strong> 05 24 10 30 69<\/p>\n<p><strong>Mail :&nbsp;<\/strong><\/p>\n<p>Association : escolacalandretabrageirac@gmail.com<\/p>\n<p>\u00c9quipe p\u00e9dagogique : regent.brageirac@gmail.com<\/p>\n<p>Chef d&rsquo;\u00e9tablissement : cap.brageirac@calandreta.org<\/p>\t\t\t\t\t\t<\/div>\n\t\t\t\t<\/div>\n\t\t\t\t<div class=\"elementor-element elementor-element-7eb7d07 elementor-hidden-phone elementor-widget elementor-widget-html\" data-id=\"7eb7d07\" data-element_type=\"widget\" data-widget_type=\"html.default\">\n\t\t\t\t<div class=\"elementor-widget-container\">\n\t\t\t<div align=\"center\">\r\n<p> <a href=\"https:\/\/www.facebook.com\/calandretabergerac\" target=\"_blank\" rel=\"noopener\" class=\"zoomicon\"><img decoding=\"async\" src=\"https:\/\/calandreta.establiment.fr\/brageirac\/wp-content\/uploads\/2021\/04\/Facebook.png\" width=\"35\" height=\"35\" alt=\"\"\/><\/a>\r\n\r\n    <a href=\"https:\/\/www.instagram.com\/calandreta_bel_solelh\/?fbclid=IwAR2EDc09D1n7I_sM2CdlAqK8Tzh64LkyVj6Dm5t9nwqWIE5xc2DTMPwjYHA\" target=\"_blank\" rel=\"noopener\" class=\"zoomicon\"><img decoding=\"async\" src=\"https:\/\/calandreta.establiment.fr\/brageirac\/wp-content\/uploads\/2021\/06\/Insta.png\" width=\"35\" height=\"35\" alt=\"\"\/><\/a>\r\n\r\n<\/p>\r\n<\/div>\t\t<\/div>\n\t\t\t\t<\/div>\n\t\t\t\t\t<\/div>\n\t\t<\/div>\n\t\t\t\t\t<\/div>\n\t\t<\/section>\n\t\t\t\t<section class=\"elementor-section elementor-top-section elementor-element elementor-element-90a8f60 elementor-section-boxed elementor-section-height-default elementor-section-height-default\" data-id=\"90a8f60\" data-element_type=\"section\">\n\t\t\t\t\t\t<div class=\"elementor-container elementor-column-gap-default\">\n\t\t\t\t\t<div class=\"elementor-column elementor-col-100 elementor-top-column elementor-element elementor-element-7f82787\" data-id=\"7f82787\" data-element_type=\"column\">\n\t\t\t<div class=\"elementor-widget-wrap elementor-element-populated\">\n\t\t\t\t\t\t<div class=\"elementor-element elementor-element-3ac671a elementor-widget elementor-widget-html\" data-id=\"3ac671a\" data-element_type=\"widget\" data-widget_type=\"html.default\">\n\t\t\t\t<div class=\"elementor-widget-container\">\n\t\t\t<iframe width=\"425\" height=\"350\" frameborder=\"0\" scrolling=\"no\" marginheight=\"0\" marginwidth=\"0\" src=\"https:\/\/www.openstreetmap.org\/export\/embed.html?bbox=0.4778221249580384%2C44.86465628377163%2C0.4799196124076844%2C44.86584444841146&amp;layer=mapnik\" style=\"border: 1px solid black\"><\/iframe><br\/><small><a href=\"https:\/\/www.openstreetmap.org\/#map=19\/44.86525\/0.47887\">Afficher une carte plus grande<\/a><\/small>\n\t\t<\/div>\n\t\t\t\t<\/div>\n\t\t\t\t\t<\/div>\n\t\t<\/div>\n\t\t\t\t\t<\/div>\n\t\t<\/section>\n\t\t\t\t<\/div>\n\t\t","protected":false},"excerpt":{"rendered":"<p>Formulaire de contact Informations compl\u00e9mentaires Adresse : 45 rue leconte de lisle 24100 BERGERAC T\u00e9l\u00e9phone : 05 24 10 30 69 Mail :&nbsp; Association : escolacalandretabrageirac@gmail.com \u00c9quipe p\u00e9dagogique : regent.brageirac@gmail.com [&hellip;]<\/p>\n","protected":false},"author":2,"featured_media":0,"parent":0,"menu_order":0,"comment_status":"closed","ping_status":"closed","template":"","meta":{"_EventAllDay":false,"_EventTimezone":"","_EventStartDate":"","_EventEndDate":"","_EventStartDateUTC":"","_EventEndDateUTC":"","_EventShowMap":false,"_EventShowMapLink":false,"_EventURL":"","_EventCost":"","_EventCostDescription":"","_EventCurrencySymbol":"","_EventCurrencyCode":"","_EventCurrencyPosition":"","_EventDateTimeSeparator":"","_EventTimeRangeSeparator":"","_EventOrganizerID":[],"_EventVenueID":[],"_OrganizerEmail":"","_OrganizerPhone":"","_OrganizerWebsite":"","_VenueAddress":"","_VenueCity":"","_VenueCountry":"","_VenueProvince":"","_VenueState":"","_VenueZip":"","_VenuePhone":"","_VenueURL":"","_VenueStateProvince":"","_VenueLat":"","_VenueLng":"","_VenueShowMap":false,"_VenueShowMapLink":false,"footnotes":""},"class_list":["post-53","page","type-page","status-publish","hentry","entry"],"_links":{"self":[{"href":"https:\/\/brageirac.establiment.fr\/index.php?rest_route=\/wp\/v2\/pages\/53","targetHints":{"allow":["GET"]}}],"collection":[{"href":"https:\/\/brageirac.establiment.fr\/index.php?rest_route=\/wp\/v2\/pages"}],"about":[{"href":"https:\/\/brageirac.establiment.fr\/index.php?rest_route=\/wp\/v2\/types\/page"}],"author":[{"embeddable":true,"href":"https:\/\/brageirac.establiment.fr\/index.php?rest_route=\/wp\/v2\/users\/2"}],"replies":[{"embeddable":true,"href":"https:\/\/brageirac.establiment.fr\/index.php?rest_route=%2Fwp%2Fv2%2Fcomments&post=53"}],"version-history":[{"count":80,"href":"https:\/\/brageirac.establiment.fr\/index.php?rest_route=\/wp\/v2\/pages\/53\/revisions"}],"predecessor-version":[{"id":1153,"href":"https:\/\/brageirac.establiment.fr\/index.php?rest_route=\/wp\/v2\/pages\/53\/revisions\/1153"}],"wp:attachment":[{"href":"https:\/\/brageirac.establiment.fr\/index.php?rest_route=%2Fwp%2Fv2%2Fmedia&parent=53"}],"curies":[{"name":"wp","href":"https:\/\/api.w.org\/{rel}","templated":true}]}}