{"id":502,"date":"2021-06-11T15:28:23","date_gmt":"2021-06-11T13:28:23","guid":{"rendered":"https:\/\/calandreta.establiment.fr\/brageirac\/?page_id=502"},"modified":"2023-07-05T19:26:29","modified_gmt":"2023-07-05T17:26:29","slug":"questions-praticas","status":"publish","type":"page","link":"https:\/\/brageirac.establiment.fr\/?page_id=502","title":{"rendered":"Questions praticas"},"content":{"rendered":"\t\t<div data-elementor-type=\"wp-page\" data-elementor-id=\"502\" class=\"elementor elementor-502\">\n\t\t\t\t\t\t<section class=\"elementor-section elementor-top-section elementor-element elementor-element-0a4a696 elementor-section-boxed elementor-section-height-default elementor-section-height-default\" data-id=\"0a4a696\" data-element_type=\"section\">\n\t\t\t\t\t\t<div class=\"elementor-container elementor-column-gap-default\">\n\t\t\t\t\t<div class=\"elementor-column elementor-col-100 elementor-top-column elementor-element elementor-element-3760139\" data-id=\"3760139\" data-element_type=\"column\">\n\t\t\t<div class=\"elementor-widget-wrap elementor-element-populated\">\n\t\t\t\t\t\t<div class=\"elementor-element elementor-element-ba1b9d0 elementor-widget elementor-widget-spacer\" data-id=\"ba1b9d0\" data-element_type=\"widget\" data-widget_type=\"spacer.default\">\n\t\t\t\t<div class=\"elementor-widget-container\">\n\t\t\t\t\t<div class=\"elementor-spacer\">\n\t\t\t<div class=\"elementor-spacer-inner\"><\/div>\n\t\t<\/div>\n\t\t\t\t<\/div>\n\t\t\t\t<\/div>\n\t\t\t\t\t<\/div>\n\t\t<\/div>\n\t\t\t\t\t<\/div>\n\t\t<\/section>\n\t\t\t\t<section class=\"elementor-section elementor-top-section elementor-element elementor-element-b518687 elementor-section-boxed elementor-section-height-default elementor-section-height-default\" data-id=\"b518687\" data-element_type=\"section\">\n\t\t\t\t\t\t<div class=\"elementor-container elementor-column-gap-default\">\n\t\t\t\t\t<div class=\"elementor-column elementor-col-100 elementor-top-column elementor-element elementor-element-2a0fd24\" data-id=\"2a0fd24\" data-element_type=\"column\">\n\t\t\t<div class=\"elementor-widget-wrap elementor-element-populated\">\n\t\t\t\t\t\t<div class=\"elementor-element elementor-element-249f713 elementor-widget elementor-widget-heading\" data-id=\"249f713\" data-element_type=\"widget\" data-widget_type=\"heading.default\">\n\t\t\t\t<div class=\"elementor-widget-container\">\n\t\t\t<h2 class=\"elementor-heading-title elementor-size-default\">Comment inscrire mon enfant ?<\/h2>\t\t<\/div>\n\t\t\t\t<\/div>\n\t\t\t\t<div class=\"elementor-element elementor-element-559e64d elementor-widget elementor-widget-text-editor\" data-id=\"559e64d\" data-element_type=\"widget\" data-widget_type=\"text-editor.default\">\n\t\t\t\t<div class=\"elementor-widget-container\">\n\t\t\t\t\t\t\t<p>Pour demander des renseignements quant \u00e0 une possible inscription de votre enfant, vous pouvez utiliser le formulaire de contact du site, ou bien contacter l&rsquo;\u00e9cole directement par mail ou par t\u00e9l\u00e9phone.<\/p><p>En raison du nombre de place limit\u00e9, une pr\u00e9-inscription est possible afin de r\u00e9server une place. Si aucune place n&rsquo;est disponible pour votre enfant, vous pourrez \u00eatre inscrits sur notre liste d&rsquo;attente.<\/p><p>Une inscription n&rsquo;est possible qu&rsquo;avant le CP, ceci afin que l&rsquo;enfant puisse avoir \u00e0 minima une ann\u00e9e d&rsquo;immersion dans la langue avant l&rsquo;apprentissage de la lecture. Des exceptions peuvent \u00eatre faites dans le cas d&rsquo;une fratrie.<\/p>\t\t\t\t\t\t<\/div>\n\t\t\t\t<\/div>\n\t\t\t\t\t<\/div>\n\t\t<\/div>\n\t\t\t\t\t<\/div>\n\t\t<\/section>\n\t\t\t\t<section class=\"elementor-section elementor-top-section elementor-element elementor-element-02fe7f7 elementor-section-boxed elementor-section-height-default elementor-section-height-default\" data-id=\"02fe7f7\" data-element_type=\"section\">\n\t\t\t\t\t\t<div class=\"elementor-container elementor-column-gap-default\">\n\t\t\t\t\t<div class=\"elementor-column elementor-col-100 elementor-top-column elementor-element elementor-element-94ba98f\" data-id=\"94ba98f\" data-element_type=\"column\">\n\t\t\t<div class=\"elementor-widget-wrap elementor-element-populated\">\n\t\t\t\t\t\t<div class=\"elementor-element elementor-element-2a81c97 elementor-widget elementor-widget-heading\" data-id=\"2a81c97\" data-element_type=\"widget\" data-widget_type=\"heading.default\">\n\t\t\t\t<div class=\"elementor-widget-container\">\n\t\t\t<h2 class=\"elementor-heading-title elementor-size-default\">Quels sont les horaires scolaires ?<\/h2>\t\t<\/div>\n\t\t\t\t<\/div>\n\t\t\t\t<div class=\"elementor-element elementor-element-3d8e2b0 elementor-widget elementor-widget-text-editor\" data-id=\"3d8e2b0\" data-element_type=\"widget\" data-widget_type=\"text-editor.default\">\n\t\t\t\t<div class=\"elementor-widget-container\">\n\t\t\t\t\t\t\t<p>La classe commence \u00e0 9h et se termine \u00e0 16h30. Les enfants ont 1h30 de pause pour le repas ainsi qu&rsquo;un temps de r\u00e9cr\u00e9ation dans la matin\u00e9e et dans l&rsquo;apr\u00e8s-midi.\u00a0<\/p>\t\t\t\t\t\t<\/div>\n\t\t\t\t<\/div>\n\t\t\t\t\t<\/div>\n\t\t<\/div>\n\t\t\t\t\t<\/div>\n\t\t<\/section>\n\t\t\t\t<section class=\"elementor-section elementor-top-section elementor-element elementor-element-b2db2c5 elementor-section-boxed elementor-section-height-default elementor-section-height-default\" data-id=\"b2db2c5\" data-element_type=\"section\">\n\t\t\t\t\t\t<div class=\"elementor-container elementor-column-gap-default\">\n\t\t\t\t\t<div class=\"elementor-column elementor-col-100 elementor-top-column elementor-element elementor-element-f0b2d3c\" data-id=\"f0b2d3c\" data-element_type=\"column\">\n\t\t\t<div class=\"elementor-widget-wrap elementor-element-populated\">\n\t\t\t\t\t\t<div class=\"elementor-element elementor-element-d10e9f2 elementor-widget elementor-widget-heading\" data-id=\"d10e9f2\" data-element_type=\"widget\" data-widget_type=\"heading.default\">\n\t\t\t\t<div class=\"elementor-widget-container\">\n\t\t\t<h2 class=\"elementor-heading-title elementor-size-default\">Comment se passe le temps du repas ?<\/h2>\t\t<\/div>\n\t\t\t\t<\/div>\n\t\t\t\t\t<\/div>\n\t\t<\/div>\n\t\t\t\t\t<\/div>\n\t\t<\/section>\n\t\t\t\t<section class=\"elementor-section elementor-top-section elementor-element elementor-element-d950c77 elementor-section-boxed elementor-section-height-default elementor-section-height-default\" data-id=\"d950c77\" data-element_type=\"section\">\n\t\t\t\t\t\t<div class=\"elementor-container elementor-column-gap-default\">\n\t\t\t\t\t<div class=\"elementor-column elementor-col-100 elementor-top-column elementor-element elementor-element-0ba96fd\" data-id=\"0ba96fd\" data-element_type=\"column\">\n\t\t\t<div class=\"elementor-widget-wrap elementor-element-populated\">\n\t\t\t\t\t\t<div class=\"elementor-element elementor-element-d96aebf elementor-widget elementor-widget-text-editor\" data-id=\"d96aebf\" data-element_type=\"widget\" data-widget_type=\"text-editor.default\">\n\t\t\t\t<div class=\"elementor-widget-container\">\n\t\t\t\t\t\t\t<p>Un premier service est assur\u00e9e \u00e0 11h30 pour les TPS-PS-MS et un second service a lieu \u00e0 12h pour les autres \u00e9l\u00e8ves.<\/p><p>Les repas sont livr\u00e9s par un service de traiteur (<em>les Gastron&rsquo;homes P\u00e9rigourdins<\/em>) bas\u00e9 \u00e0 Issigeac et sont factur\u00e9s au prix de 4\u20ac.<\/p>\t\t\t\t\t\t<\/div>\n\t\t\t\t<\/div>\n\t\t\t\t<div class=\"elementor-element elementor-element-947eee8 elementor-widget elementor-widget-heading\" data-id=\"947eee8\" data-element_type=\"widget\" data-widget_type=\"heading.default\">\n\t\t\t\t<div class=\"elementor-widget-container\">\n\t\t\t<h2 class=\"elementor-heading-title elementor-size-default\">Quels services p\u00e9riscolaires sont propos\u00e9s ?<\/h2>\t\t<\/div>\n\t\t\t\t<\/div>\n\t\t\t\t<div class=\"elementor-element elementor-element-cce0bea elementor-widget elementor-widget-text-editor\" data-id=\"cce0bea\" data-element_type=\"widget\" data-widget_type=\"text-editor.default\">\n\t\t\t\t<div class=\"elementor-widget-container\">\n\t\t\t\t\t\t\t<p>Une garderie est propos\u00e9e \u00e0 partir de 7h30 le matin et le soir jusqu&rsquo;\u00e0 18h30.\u00a0<\/p><p>Aucune inscription pr\u00e9alable n&rsquo;est n\u00e9cessaire, votre enfant est automatiquement inscrit \u00e0 la garderie quand il est inscrit \u00e0 l&rsquo;\u00e9cole, et le tarif est le m\u00eame pour chaque famille que vous utilisiez le service de garderie ou non.<\/p><p>Les tarifs sont de 30\u20ac par mois pour le premier enfant, 25\u20ac pour le second et 15\u20ac pour les suivants.<\/p>\t\t\t\t\t\t<\/div>\n\t\t\t\t<\/div>\n\t\t\t\t\t<\/div>\n\t\t<\/div>\n\t\t\t\t\t<\/div>\n\t\t<\/section>\n\t\t\t\t<section class=\"elementor-section elementor-top-section elementor-element elementor-element-ecef8c0 elementor-section-boxed elementor-section-height-default elementor-section-height-default\" data-id=\"ecef8c0\" data-element_type=\"section\">\n\t\t\t\t\t\t<div class=\"elementor-container elementor-column-gap-default\">\n\t\t\t\t\t<div class=\"elementor-column elementor-col-100 elementor-top-column elementor-element elementor-element-6f0da37\" data-id=\"6f0da37\" data-element_type=\"column\">\n\t\t\t<div class=\"elementor-widget-wrap elementor-element-populated\">\n\t\t\t\t\t\t<div class=\"elementor-element elementor-element-2ee576f elementor-widget elementor-widget-heading\" data-id=\"2ee576f\" data-element_type=\"widget\" data-widget_type=\"heading.default\">\n\t\t\t\t<div class=\"elementor-widget-container\">\n\t\t\t<h2 class=\"elementor-heading-title elementor-size-default\"><font color=\"#e83f4b\"><span>Comment vais-je suivre la scolarit\u00e9 de mon enfant en occitan ?<\/span><\/font><\/h2>\t\t<\/div>\n\t\t\t\t<\/div>\n\t\t\t\t<div class=\"elementor-element elementor-element-343f6c0 elementor-widget elementor-widget-text-editor\" data-id=\"343f6c0\" data-element_type=\"widget\" data-widget_type=\"text-editor.default\">\n\t\t\t\t<div class=\"elementor-widget-container\">\n\t\t\t\t\t\t\t<p>Des cours sont propos\u00e9s par l&rsquo;association de la Calandreta ou des associations partenaires afin que vous puissiez vous initier \u00e0 la langue r\u00e9gionale qui est langue de vie de notre \u00e9cole et afin de la faire vivre dans les familles.\u00a0<\/p>\t\t\t\t\t\t<\/div>\n\t\t\t\t<\/div>\n\t\t\t\t\t<\/div>\n\t\t<\/div>\n\t\t\t\t\t<\/div>\n\t\t<\/section>\n\t\t\t\t<section class=\"elementor-section elementor-top-section elementor-element elementor-element-97a6992 elementor-section-boxed elementor-section-height-default elementor-section-height-default\" data-id=\"97a6992\" data-element_type=\"section\">\n\t\t\t\t\t\t<div class=\"elementor-container elementor-column-gap-default\">\n\t\t\t\t\t<div class=\"elementor-column elementor-col-100 elementor-top-column elementor-element elementor-element-af9463d\" data-id=\"af9463d\" data-element_type=\"column\">\n\t\t\t<div class=\"elementor-widget-wrap elementor-element-populated\">\n\t\t\t\t\t\t<div class=\"elementor-element elementor-element-8c5d783 elementor-widget elementor-widget-heading\" data-id=\"8c5d783\" data-element_type=\"widget\" data-widget_type=\"heading.default\">\n\t\t\t\t<div class=\"elementor-widget-container\">\n\t\t\t<h2 class=\"elementor-heading-title elementor-size-default\"><font color=\"#e83f4b\"><span>Combien co\u00fbte la scolarit\u00e9 en Calandreta ?<\/span><\/font><\/h2>\t\t<\/div>\n\t\t\t\t<\/div>\n\t\t\t\t<div class=\"elementor-element elementor-element-6fe3cca elementor-widget elementor-widget-text-editor\" data-id=\"6fe3cca\" data-element_type=\"widget\" data-widget_type=\"text-editor.default\">\n\t\t\t\t<div class=\"elementor-widget-container\">\n\t\t\t\t\t\t\t<p>La scolarit\u00e9 en Calandreta est gratuite, aucun frais de participation ne seront demand\u00e9s pour le fonctionnement de l&rsquo;\u00e9cole.<\/p><p>Les seul frais obligatoires sont l&rsquo;adh\u00e9sion \u00e0 l&rsquo;association (15\u20ac par parent et par an) et les frais de garderie.<\/p><p>Le syst\u00e8me associatif de l&rsquo;\u00e9cole permet et assure cette gratuit\u00e9. Il vous sera donc en revanche demand\u00e9 un investissement b\u00e9n\u00e9vole dans l&rsquo;association gestionnaire de l&rsquo;\u00e9cole.<\/p>\t\t\t\t\t\t<\/div>\n\t\t\t\t<\/div>\n\t\t\t\t\t<\/div>\n\t\t<\/div>\n\t\t\t\t\t<\/div>\n\t\t<\/section>\n\t\t\t\t<\/div>\n\t\t","protected":false},"excerpt":{"rendered":"<p>Comment inscrire mon enfant ? Pour demander des renseignements quant \u00e0 une possible inscription de votre enfant, vous pouvez utiliser le formulaire de contact du site, ou bien contacter l&rsquo;\u00e9cole [&hellip;]<\/p>\n","protected":false},"author":2,"featured_media":0,"parent":0,"menu_order":0,"comment_status":"closed","ping_status":"closed","template":"","meta":{"_EventAllDay":false,"_EventTimezone":"","_EventStartDate":"","_EventEndDate":"","_EventStartDateUTC":"","_EventEndDateUTC":"","_EventShowMap":false,"_EventShowMapLink":false,"_EventURL":"","_EventCost":"","_EventCostDescription":"","_EventCurrencySymbol":"","_EventCurrencyCode":"","_EventCurrencyPosition":"","_EventDateTimeSeparator":"","_EventTimeRangeSeparator":"","_EventOrganizerID":[],"_EventVenueID":[],"_OrganizerEmail":"","_OrganizerPhone":"","_OrganizerWebsite":"","_VenueAddress":"","_VenueCity":"","_VenueCountry":"","_VenueProvince":"","_VenueState":"","_VenueZip":"","_VenuePhone":"","_VenueURL":"","_VenueStateProvince":"","_VenueLat":"","_VenueLng":"","_VenueShowMap":false,"_VenueShowMapLink":false,"footnotes":""},"class_list":["post-502","page","type-page","status-publish","hentry","entry"],"_links":{"self":[{"href":"https:\/\/brageirac.establiment.fr\/index.php?rest_route=\/wp\/v2\/pages\/502","targetHints":{"allow":["GET"]}}],"collection":[{"href":"https:\/\/brageirac.establiment.fr\/index.php?rest_route=\/wp\/v2\/pages"}],"about":[{"href":"https:\/\/brageirac.establiment.fr\/index.php?rest_route=\/wp\/v2\/types\/page"}],"author":[{"embeddable":true,"href":"https:\/\/brageirac.establiment.fr\/index.php?rest_route=\/wp\/v2\/users\/2"}],"replies":[{"embeddable":true,"href":"https:\/\/brageirac.establiment.fr\/index.php?rest_route=%2Fwp%2Fv2%2Fcomments&post=502"}],"version-history":[{"count":31,"href":"https:\/\/brageirac.establiment.fr\/index.php?rest_route=\/wp\/v2\/pages\/502\/revisions"}],"predecessor-version":[{"id":1435,"href":"https:\/\/brageirac.establiment.fr\/index.php?rest_route=\/wp\/v2\/pages\/502\/revisions\/1435"}],"wp:attachment":[{"href":"https:\/\/brageirac.establiment.fr\/index.php?rest_route=%2Fwp%2Fv2%2Fmedia&parent=502"}],"curies":[{"name":"wp","href":"https:\/\/api.w.org\/{rel}","templated":true}]}}